{"id":360,"date":"2025-01-17T11:32:30","date_gmt":"2025-01-17T11:32:30","guid":{"rendered":"http:\/\/extradent.lt\/?post_type=product&#038;p=360"},"modified":"2026-01-26T08:20:43","modified_gmt":"2026-01-26T08:20:43","slug":"gydymo-plano-sudarymas","status":"publish","type":"product","link":"https:\/\/www.extradent.lt\/ru\/produktas\/gydymo-plano-sudarymas\/","title":{"rendered":"Gydymo plano sudarymas"},"content":{"rendered":"<p>Gydymo planas \u2013 tai individualizuota strategija, sudaroma po i\u0161samios diagnostikos (ap\u017ei\u016bra, rentgeno nuotraukos). Gydytojas nustato problemas, nustato gydymo prioritetus ir pristato pacientui alternatyvas (trukm\u0119, kain\u0105). Planas derinamas su pacientu, sudaromas etapais, siekiant ilgamet\u0117s burnos sveikatos ir optimalaus rezultato.<\/p>\n","protected":false},"excerpt":{"rendered":"<p>Gydymo planas \u2013 tai individualizuota strategija, sudaroma po i\u0161samios diagnostikos (ap\u017ei\u016bra, rentgeno nuotraukos). Gydytojas nustato problemas, nustato gydymo prioritetus ir pristato pacientui alternatyvas (trukm\u0119, kain\u0105). Planas derinamas su pacientu, sudaromas etapais, siekiant ilgamet\u0117s burnos sveikatos ir optimalaus rezultato.<\/p>\n","protected":false},"featured_media":1466,"comment_status":"open","ping_status":"closed","template":"","meta":{"_acf_changed":false},"product_brand":[],"product_cat":[29],"product_tag":[],"class_list":{"0":"post-360","1":"product","2":"type-product","3":"status-publish","4":"has-post-thumbnail","6":"product_cat-uncategorized-lt","8":"first","9":"instock","10":"virtual","11":"purchasable","12":"product-type-simple"},"acf":[],"yoast_head":"<!-- This site is optimized with the Yoast SEO plugin v26.9 - https:\/\/yoast.com\/product\/yoast-seo-wordpress\/ -->\n<title>Gydymo plano sudarymas - extradent.lt<\/title>\n<meta name=\"robots\" content=\"index, follow, max-snippet:-1, max-image-preview:large, max-video-preview:-1\" \/>\n<link rel=\"canonical\" href=\"https:\/\/www.extradent.lt\/ru\/produktas\/gydymo-plano-sudarymas\/\" \/>\n<meta property=\"og:locale\" content=\"ru_RU\" \/>\n<meta property=\"og:type\" content=\"article\" \/>\n<meta property=\"og:title\" content=\"Gydymo plano sudarymas - extradent.lt\" \/>\n<meta property=\"og:description\" content=\"Gydymo planas \u2013 tai individualizuota strategija, sudaroma po i\u0161samios diagnostikos (ap\u017ei\u016bra, rentgeno nuotraukos). Gydytojas nustato problemas, nustato gydymo prioritetus ir pristato pacientui alternatyvas (trukm\u0119, kain\u0105). Planas derinamas su pacientu, sudaromas etapais, siekiant ilgamet\u0117s burnos sveikatos ir optimalaus rezultato.\" \/>\n<meta property=\"og:url\" content=\"https:\/\/www.extradent.lt\/ru\/produktas\/gydymo-plano-sudarymas\/\" \/>\n<meta property=\"og:site_name\" content=\"extradent.lt\" \/>\n<meta property=\"article:modified_time\" content=\"2026-01-26T08:20:43+00:00\" \/>\n<meta property=\"og:image\" content=\"https:\/\/www.extradent.lt\/wp-content\/uploads\/2026\/01\/gydymo-plano-kuponas.jpg\" \/>\n\t<meta property=\"og:image:width\" content=\"420\" \/>\n\t<meta property=\"og:image:height\" content=\"420\" \/>\n\t<meta property=\"og:image:type\" content=\"image\/jpeg\" \/>\n<meta name=\"twitter:card\" content=\"summary_large_image\" \/>\n<meta name=\"twitter:label1\" content=\"\u041f\u0440\u0438\u043c\u0435\u0440\u043d\u043e\u0435 \u0432\u0440\u0435\u043c\u044f \u0434\u043b\u044f \u0447\u0442\u0435\u043d\u0438\u044f\" \/>\n\t<meta name=\"twitter:data1\" content=\"1 \u043c\u0438\u043d\u0443\u0442\u0430\" \/>\n<script type=\"application\/ld+json\" class=\"yoast-schema-graph\">{\"@context\":\"https:\/\/schema.org\",\"@graph\":[{\"@type\":\"WebPage\",\"@id\":\"https:\/\/www.extradent.lt\/ru\/produktas\/gydymo-plano-sudarymas\/\",\"url\":\"https:\/\/www.extradent.lt\/ru\/produktas\/gydymo-plano-sudarymas\/\",\"name\":\"Gydymo plano sudarymas - extradent.lt\",\"isPartOf\":{\"@id\":\"https:\/\/www.extradent.lt\/ru\/#website\"},\"primaryImageOfPage\":{\"@id\":\"https:\/\/www.extradent.lt\/ru\/produktas\/gydymo-plano-sudarymas\/#primaryimage\"},\"image\":{\"@id\":\"https:\/\/www.extradent.lt\/ru\/produktas\/gydymo-plano-sudarymas\/#primaryimage\"},\"thumbnailUrl\":\"https:\/\/www.extradent.lt\/wp-content\/uploads\/2026\/01\/gydymo-plano-kuponas.jpg\",\"datePublished\":\"2025-01-17T11:32:30+00:00\",\"dateModified\":\"2026-01-26T08:20:43+00:00\",\"breadcrumb\":{\"@id\":\"https:\/\/www.extradent.lt\/ru\/produktas\/gydymo-plano-sudarymas\/#breadcrumb\"},\"inLanguage\":\"ru-RU\",\"potentialAction\":[{\"@type\":\"ReadAction\",\"target\":[\"https:\/\/www.extradent.lt\/ru\/produktas\/gydymo-plano-sudarymas\/\"]}]},{\"@type\":\"ImageObject\",\"inLanguage\":\"ru-RU\",\"@id\":\"https:\/\/www.extradent.lt\/ru\/produktas\/gydymo-plano-sudarymas\/#primaryimage\",\"url\":\"https:\/\/www.extradent.lt\/wp-content\/uploads\/2026\/01\/gydymo-plano-kuponas.jpg\",\"contentUrl\":\"https:\/\/www.extradent.lt\/wp-content\/uploads\/2026\/01\/gydymo-plano-kuponas.jpg\",\"width\":420,\"height\":420},{\"@type\":\"BreadcrumbList\",\"@id\":\"https:\/\/www.extradent.lt\/ru\/produktas\/gydymo-plano-sudarymas\/#breadcrumb\",\"itemListElement\":[{\"@type\":\"ListItem\",\"position\":1,\"name\":\"Prad\u017eia\",\"item\":\"https:\/\/www.extradent.lt\/ru\/\"},{\"@type\":\"ListItem\",\"position\":2,\"name\":\"Parduotuv\u0117\",\"item\":\"https:\/\/www.extradent.lt\/parduotuve\/\"},{\"@type\":\"ListItem\",\"position\":3,\"name\":\"Gydymo plano sudarymas\"}]},{\"@type\":\"WebSite\",\"@id\":\"https:\/\/www.extradent.lt\/ru\/#website\",\"url\":\"https:\/\/www.extradent.lt\/ru\/\",\"name\":\"extradent.lt\",\"description\":\"\",\"potentialAction\":[{\"@type\":\"SearchAction\",\"target\":{\"@type\":\"EntryPoint\",\"urlTemplate\":\"https:\/\/www.extradent.lt\/ru\/?s={search_term_string}\"},\"query-input\":{\"@type\":\"PropertyValueSpecification\",\"valueRequired\":true,\"valueName\":\"search_term_string\"}}],\"inLanguage\":\"ru-RU\"}]}<\/script>\n<!-- \/ Yoast SEO plugin. -->","yoast_head_json":{"title":"Gydymo plano sudarymas - extradent.lt","robots":{"index":"index","follow":"follow","max-snippet":"max-snippet:-1","max-image-preview":"max-image-preview:large","max-video-preview":"max-video-preview:-1"},"canonical":"https:\/\/www.extradent.lt\/ru\/produktas\/gydymo-plano-sudarymas\/","og_locale":"ru_RU","og_type":"article","og_title":"Gydymo plano sudarymas - extradent.lt","og_description":"Gydymo planas \u2013 tai individualizuota strategija, sudaroma po i\u0161samios diagnostikos (ap\u017ei\u016bra, rentgeno nuotraukos). Gydytojas nustato problemas, nustato gydymo prioritetus ir pristato pacientui alternatyvas (trukm\u0119, kain\u0105). Planas derinamas su pacientu, sudaromas etapais, siekiant ilgamet\u0117s burnos sveikatos ir optimalaus rezultato.","og_url":"https:\/\/www.extradent.lt\/ru\/produktas\/gydymo-plano-sudarymas\/","og_site_name":"extradent.lt","article_modified_time":"2026-01-26T08:20:43+00:00","og_image":[{"width":420,"height":420,"url":"https:\/\/www.extradent.lt\/wp-content\/uploads\/2026\/01\/gydymo-plano-kuponas.jpg","type":"image\/jpeg"}],"twitter_card":"summary_large_image","twitter_misc":{"\u041f\u0440\u0438\u043c\u0435\u0440\u043d\u043e\u0435 \u0432\u0440\u0435\u043c\u044f \u0434\u043b\u044f \u0447\u0442\u0435\u043d\u0438\u044f":"1 \u043c\u0438\u043d\u0443\u0442\u0430"},"schema":{"@context":"https:\/\/schema.org","@graph":[{"@type":"WebPage","@id":"https:\/\/www.extradent.lt\/ru\/produktas\/gydymo-plano-sudarymas\/","url":"https:\/\/www.extradent.lt\/ru\/produktas\/gydymo-plano-sudarymas\/","name":"Gydymo plano sudarymas - extradent.lt","isPartOf":{"@id":"https:\/\/www.extradent.lt\/ru\/#website"},"primaryImageOfPage":{"@id":"https:\/\/www.extradent.lt\/ru\/produktas\/gydymo-plano-sudarymas\/#primaryimage"},"image":{"@id":"https:\/\/www.extradent.lt\/ru\/produktas\/gydymo-plano-sudarymas\/#primaryimage"},"thumbnailUrl":"https:\/\/www.extradent.lt\/wp-content\/uploads\/2026\/01\/gydymo-plano-kuponas.jpg","datePublished":"2025-01-17T11:32:30+00:00","dateModified":"2026-01-26T08:20:43+00:00","breadcrumb":{"@id":"https:\/\/www.extradent.lt\/ru\/produktas\/gydymo-plano-sudarymas\/#breadcrumb"},"inLanguage":"ru-RU","potentialAction":[{"@type":"ReadAction","target":["https:\/\/www.extradent.lt\/ru\/produktas\/gydymo-plano-sudarymas\/"]}]},{"@type":"ImageObject","inLanguage":"ru-RU","@id":"https:\/\/www.extradent.lt\/ru\/produktas\/gydymo-plano-sudarymas\/#primaryimage","url":"https:\/\/www.extradent.lt\/wp-content\/uploads\/2026\/01\/gydymo-plano-kuponas.jpg","contentUrl":"https:\/\/www.extradent.lt\/wp-content\/uploads\/2026\/01\/gydymo-plano-kuponas.jpg","width":420,"height":420},{"@type":"BreadcrumbList","@id":"https:\/\/www.extradent.lt\/ru\/produktas\/gydymo-plano-sudarymas\/#breadcrumb","itemListElement":[{"@type":"ListItem","position":1,"name":"Prad\u017eia","item":"https:\/\/www.extradent.lt\/ru\/"},{"@type":"ListItem","position":2,"name":"Parduotuv\u0117","item":"https:\/\/www.extradent.lt\/parduotuve\/"},{"@type":"ListItem","position":3,"name":"Gydymo plano sudarymas"}]},{"@type":"WebSite","@id":"https:\/\/www.extradent.lt\/ru\/#website","url":"https:\/\/www.extradent.lt\/ru\/","name":"extradent.lt","description":"","potentialAction":[{"@type":"SearchAction","target":{"@type":"EntryPoint","urlTemplate":"https:\/\/www.extradent.lt\/ru\/?s={search_term_string}"},"query-input":{"@type":"PropertyValueSpecification","valueRequired":true,"valueName":"search_term_string"}}],"inLanguage":"ru-RU"}]}},"_links":{"self":[{"href":"https:\/\/www.extradent.lt\/ru\/wp-json\/wp\/v2\/product\/360","targetHints":{"allow":["GET"]}}],"collection":[{"href":"https:\/\/www.extradent.lt\/ru\/wp-json\/wp\/v2\/product"}],"about":[{"href":"https:\/\/www.extradent.lt\/ru\/wp-json\/wp\/v2\/types\/product"}],"replies":[{"embeddable":true,"href":"https:\/\/www.extradent.lt\/ru\/wp-json\/wp\/v2\/comments?post=360"}],"wp:featuredmedia":[{"embeddable":true,"href":"https:\/\/www.extradent.lt\/ru\/wp-json\/wp\/v2\/media\/1466"}],"wp:attachment":[{"href":"https:\/\/www.extradent.lt\/ru\/wp-json\/wp\/v2\/media?parent=360"}],"wp:term":[{"taxonomy":"product_brand","embeddable":true,"href":"https:\/\/www.extradent.lt\/ru\/wp-json\/wp\/v2\/product_brand?post=360"},{"taxonomy":"product_cat","embeddable":true,"href":"https:\/\/www.extradent.lt\/ru\/wp-json\/wp\/v2\/product_cat?post=360"},{"taxonomy":"product_tag","embeddable":true,"href":"https:\/\/www.extradent.lt\/ru\/wp-json\/wp\/v2\/product_tag?post=360"}],"curies":[{"name":"wp","href":"https:\/\/api.w.org\/{rel}","templated":true}]}}