{"id":359,"date":"2025-01-17T11:31:37","date_gmt":"2025-01-17T11:31:37","guid":{"rendered":"http:\/\/extradent.lt\/?post_type=product&#038;p=359"},"modified":"2026-01-26T08:20:51","modified_gmt":"2026-01-26T08:20:51","slug":"dantu-skenavimas","status":"publish","type":"product","link":"https:\/\/www.extradent.lt\/en\/produktas\/dantu-skenavimas\/","title":{"rendered":"Dant\u0173 skenavimas"},"content":{"rendered":"<p>Tikslus ir savalaikis dant\u0173 b\u016bkl\u0117s \u012fvertinimas yra vienas svarbiausi\u0173 kokybi\u0161ko odontologinio gydymo etap\u0173. M\u016bs\u0173 klinikoje diagnostika atliekama naudojant moderni\u0105 rentgeno ir skaitmenin\u0119 \u012frang\u0105, kuri leid\u017eia gydytojui tiksliai nustatyti dant\u0173, \u017eandikauli\u0173, s\u0105kand\u017eio ir mink\u0161t\u0173j\u0173 audini\u0173 b\u016bkl\u0119. <\/p>\n<p>\u0160i informacija b\u016btina ne tik esamos problemos \u012fvertinimui, bet ir ilgalaikiam gydymo planui sudaryti. Reguliari diagnostika leid\u017eia laiku pasteb\u0117ti karieso \u017eidinius, infekcijos po\u017eymius, kaulo ret\u0117jim\u0105 ar dant\u0173 pad\u0117ties pakitimus. Tai ne tik pirmas \u017eingsnis gydymo link, bet ir prevencin\u0117 priemon\u0117, padedanti i\u0161vengti sud\u0117tingesni\u0173 problem\u0173 ateityje.<\/p>\n","protected":false},"excerpt":{"rendered":"<p>Tikslus ir savalaikis dant\u0173 b\u016bkl\u0117s \u012fvertinimas yra vienas svarbiausi\u0173 kokybi\u0161ko odontologinio gydymo etap\u0173. M\u016bs\u0173 klinikoje diagnostika atliekama naudojant moderni\u0105 rentgeno ir skaitmenin\u0119 \u012frang\u0105, kuri leid\u017eia gydytojui tiksliai nustatyti dant\u0173, \u017eandikauli\u0173, s\u0105kand\u017eio ir mink\u0161t\u0173j\u0173 audini\u0173 b\u016bkl\u0119. \u0160i informacija b\u016btina ne tik esamos problemos \u012fvertinimui, bet ir ilgalaikiam gydymo planui sudaryti. Reguliari diagnostika leid\u017eia laiku pasteb\u0117ti karieso [&hellip;]<\/p>\n","protected":false},"featured_media":1457,"comment_status":"open","ping_status":"closed","template":"","meta":{"_acf_changed":false},"product_brand":[],"product_cat":[29],"product_tag":[],"class_list":{"0":"post-359","1":"product","2":"type-product","3":"status-publish","4":"has-post-thumbnail","6":"product_cat-uncategorized-lt","8":"first","9":"instock","10":"virtual","11":"purchasable","12":"product-type-simple"},"acf":[],"yoast_head":"<!-- This site is optimized with the Yoast SEO plugin v26.9 - https:\/\/yoast.com\/product\/yoast-seo-wordpress\/ -->\n<title>Dant\u0173 skenavimas - extradent.lt<\/title>\n<meta name=\"robots\" content=\"index, follow, max-snippet:-1, max-image-preview:large, max-video-preview:-1\" \/>\n<link rel=\"canonical\" href=\"https:\/\/www.extradent.lt\/en\/produktas\/dantu-skenavimas\/\" \/>\n<meta property=\"og:locale\" content=\"en_US\" \/>\n<meta property=\"og:type\" content=\"article\" \/>\n<meta property=\"og:title\" content=\"Dant\u0173 skenavimas - extradent.lt\" \/>\n<meta property=\"og:description\" content=\"Tikslus ir savalaikis dant\u0173 b\u016bkl\u0117s \u012fvertinimas yra vienas svarbiausi\u0173 kokybi\u0161ko odontologinio gydymo etap\u0173. M\u016bs\u0173 klinikoje diagnostika atliekama naudojant moderni\u0105 rentgeno ir skaitmenin\u0119 \u012frang\u0105, kuri leid\u017eia gydytojui tiksliai nustatyti dant\u0173, \u017eandikauli\u0173, s\u0105kand\u017eio ir mink\u0161t\u0173j\u0173 audini\u0173 b\u016bkl\u0119. \u0160i informacija b\u016btina ne tik esamos problemos \u012fvertinimui, bet ir ilgalaikiam gydymo planui sudaryti. Reguliari diagnostika leid\u017eia laiku pasteb\u0117ti karieso [&hellip;]\" \/>\n<meta property=\"og:url\" content=\"https:\/\/www.extradent.lt\/en\/produktas\/dantu-skenavimas\/\" \/>\n<meta property=\"og:site_name\" content=\"extradent.lt\" \/>\n<meta property=\"article:modified_time\" content=\"2026-01-26T08:20:51+00:00\" \/>\n<meta property=\"og:image\" content=\"https:\/\/www.extradent.lt\/wp-content\/uploads\/2026\/01\/skenavimas-kuponas.jpg\" \/>\n\t<meta property=\"og:image:width\" content=\"420\" \/>\n\t<meta property=\"og:image:height\" content=\"420\" \/>\n\t<meta property=\"og:image:type\" content=\"image\/jpeg\" \/>\n<meta name=\"twitter:card\" content=\"summary_large_image\" \/>\n<meta name=\"twitter:label1\" content=\"Est. reading time\" \/>\n\t<meta name=\"twitter:data1\" content=\"1 minute\" \/>\n<script type=\"application\/ld+json\" class=\"yoast-schema-graph\">{\"@context\":\"https:\/\/schema.org\",\"@graph\":[{\"@type\":\"WebPage\",\"@id\":\"https:\/\/www.extradent.lt\/en\/produktas\/dantu-skenavimas\/\",\"url\":\"https:\/\/www.extradent.lt\/en\/produktas\/dantu-skenavimas\/\",\"name\":\"Dant\u0173 skenavimas - extradent.lt\",\"isPartOf\":{\"@id\":\"https:\/\/www.extradent.lt\/en\/#website\"},\"primaryImageOfPage\":{\"@id\":\"https:\/\/www.extradent.lt\/en\/produktas\/dantu-skenavimas\/#primaryimage\"},\"image\":{\"@id\":\"https:\/\/www.extradent.lt\/en\/produktas\/dantu-skenavimas\/#primaryimage\"},\"thumbnailUrl\":\"https:\/\/www.extradent.lt\/wp-content\/uploads\/2026\/01\/skenavimas-kuponas.jpg\",\"datePublished\":\"2025-01-17T11:31:37+00:00\",\"dateModified\":\"2026-01-26T08:20:51+00:00\",\"breadcrumb\":{\"@id\":\"https:\/\/www.extradent.lt\/en\/produktas\/dantu-skenavimas\/#breadcrumb\"},\"inLanguage\":\"en-US\",\"potentialAction\":[{\"@type\":\"ReadAction\",\"target\":[\"https:\/\/www.extradent.lt\/en\/produktas\/dantu-skenavimas\/\"]}]},{\"@type\":\"ImageObject\",\"inLanguage\":\"en-US\",\"@id\":\"https:\/\/www.extradent.lt\/en\/produktas\/dantu-skenavimas\/#primaryimage\",\"url\":\"https:\/\/www.extradent.lt\/wp-content\/uploads\/2026\/01\/skenavimas-kuponas.jpg\",\"contentUrl\":\"https:\/\/www.extradent.lt\/wp-content\/uploads\/2026\/01\/skenavimas-kuponas.jpg\",\"width\":420,\"height\":420},{\"@type\":\"BreadcrumbList\",\"@id\":\"https:\/\/www.extradent.lt\/en\/produktas\/dantu-skenavimas\/#breadcrumb\",\"itemListElement\":[{\"@type\":\"ListItem\",\"position\":1,\"name\":\"Prad\u017eia\",\"item\":\"https:\/\/www.extradent.lt\/en\/\"},{\"@type\":\"ListItem\",\"position\":2,\"name\":\"Shop\",\"item\":\"https:\/\/www.extradent.lt\/parduotuve\/\"},{\"@type\":\"ListItem\",\"position\":3,\"name\":\"Dant\u0173 skenavimas\"}]},{\"@type\":\"WebSite\",\"@id\":\"https:\/\/www.extradent.lt\/en\/#website\",\"url\":\"https:\/\/www.extradent.lt\/en\/\",\"name\":\"extradent.lt\",\"description\":\"\",\"potentialAction\":[{\"@type\":\"SearchAction\",\"target\":{\"@type\":\"EntryPoint\",\"urlTemplate\":\"https:\/\/www.extradent.lt\/en\/?s={search_term_string}\"},\"query-input\":{\"@type\":\"PropertyValueSpecification\",\"valueRequired\":true,\"valueName\":\"search_term_string\"}}],\"inLanguage\":\"en-US\"}]}<\/script>\n<!-- \/ Yoast SEO plugin. -->","yoast_head_json":{"title":"Dant\u0173 skenavimas - extradent.lt","robots":{"index":"index","follow":"follow","max-snippet":"max-snippet:-1","max-image-preview":"max-image-preview:large","max-video-preview":"max-video-preview:-1"},"canonical":"https:\/\/www.extradent.lt\/en\/produktas\/dantu-skenavimas\/","og_locale":"en_US","og_type":"article","og_title":"Dant\u0173 skenavimas - extradent.lt","og_description":"Tikslus ir savalaikis dant\u0173 b\u016bkl\u0117s \u012fvertinimas yra vienas svarbiausi\u0173 kokybi\u0161ko odontologinio gydymo etap\u0173. M\u016bs\u0173 klinikoje diagnostika atliekama naudojant moderni\u0105 rentgeno ir skaitmenin\u0119 \u012frang\u0105, kuri leid\u017eia gydytojui tiksliai nustatyti dant\u0173, \u017eandikauli\u0173, s\u0105kand\u017eio ir mink\u0161t\u0173j\u0173 audini\u0173 b\u016bkl\u0119. \u0160i informacija b\u016btina ne tik esamos problemos \u012fvertinimui, bet ir ilgalaikiam gydymo planui sudaryti. Reguliari diagnostika leid\u017eia laiku pasteb\u0117ti karieso [&hellip;]","og_url":"https:\/\/www.extradent.lt\/en\/produktas\/dantu-skenavimas\/","og_site_name":"extradent.lt","article_modified_time":"2026-01-26T08:20:51+00:00","og_image":[{"width":420,"height":420,"url":"https:\/\/www.extradent.lt\/wp-content\/uploads\/2026\/01\/skenavimas-kuponas.jpg","type":"image\/jpeg"}],"twitter_card":"summary_large_image","twitter_misc":{"Est. reading time":"1 minute"},"schema":{"@context":"https:\/\/schema.org","@graph":[{"@type":"WebPage","@id":"https:\/\/www.extradent.lt\/en\/produktas\/dantu-skenavimas\/","url":"https:\/\/www.extradent.lt\/en\/produktas\/dantu-skenavimas\/","name":"Dant\u0173 skenavimas - extradent.lt","isPartOf":{"@id":"https:\/\/www.extradent.lt\/en\/#website"},"primaryImageOfPage":{"@id":"https:\/\/www.extradent.lt\/en\/produktas\/dantu-skenavimas\/#primaryimage"},"image":{"@id":"https:\/\/www.extradent.lt\/en\/produktas\/dantu-skenavimas\/#primaryimage"},"thumbnailUrl":"https:\/\/www.extradent.lt\/wp-content\/uploads\/2026\/01\/skenavimas-kuponas.jpg","datePublished":"2025-01-17T11:31:37+00:00","dateModified":"2026-01-26T08:20:51+00:00","breadcrumb":{"@id":"https:\/\/www.extradent.lt\/en\/produktas\/dantu-skenavimas\/#breadcrumb"},"inLanguage":"en-US","potentialAction":[{"@type":"ReadAction","target":["https:\/\/www.extradent.lt\/en\/produktas\/dantu-skenavimas\/"]}]},{"@type":"ImageObject","inLanguage":"en-US","@id":"https:\/\/www.extradent.lt\/en\/produktas\/dantu-skenavimas\/#primaryimage","url":"https:\/\/www.extradent.lt\/wp-content\/uploads\/2026\/01\/skenavimas-kuponas.jpg","contentUrl":"https:\/\/www.extradent.lt\/wp-content\/uploads\/2026\/01\/skenavimas-kuponas.jpg","width":420,"height":420},{"@type":"BreadcrumbList","@id":"https:\/\/www.extradent.lt\/en\/produktas\/dantu-skenavimas\/#breadcrumb","itemListElement":[{"@type":"ListItem","position":1,"name":"Prad\u017eia","item":"https:\/\/www.extradent.lt\/en\/"},{"@type":"ListItem","position":2,"name":"Shop","item":"https:\/\/www.extradent.lt\/parduotuve\/"},{"@type":"ListItem","position":3,"name":"Dant\u0173 skenavimas"}]},{"@type":"WebSite","@id":"https:\/\/www.extradent.lt\/en\/#website","url":"https:\/\/www.extradent.lt\/en\/","name":"extradent.lt","description":"","potentialAction":[{"@type":"SearchAction","target":{"@type":"EntryPoint","urlTemplate":"https:\/\/www.extradent.lt\/en\/?s={search_term_string}"},"query-input":{"@type":"PropertyValueSpecification","valueRequired":true,"valueName":"search_term_string"}}],"inLanguage":"en-US"}]}},"_links":{"self":[{"href":"https:\/\/www.extradent.lt\/en\/wp-json\/wp\/v2\/product\/359","targetHints":{"allow":["GET"]}}],"collection":[{"href":"https:\/\/www.extradent.lt\/en\/wp-json\/wp\/v2\/product"}],"about":[{"href":"https:\/\/www.extradent.lt\/en\/wp-json\/wp\/v2\/types\/product"}],"replies":[{"embeddable":true,"href":"https:\/\/www.extradent.lt\/en\/wp-json\/wp\/v2\/comments?post=359"}],"wp:featuredmedia":[{"embeddable":true,"href":"https:\/\/www.extradent.lt\/en\/wp-json\/wp\/v2\/media\/1457"}],"wp:attachment":[{"href":"https:\/\/www.extradent.lt\/en\/wp-json\/wp\/v2\/media?parent=359"}],"wp:term":[{"taxonomy":"product_brand","embeddable":true,"href":"https:\/\/www.extradent.lt\/en\/wp-json\/wp\/v2\/product_brand?post=359"},{"taxonomy":"product_cat","embeddable":true,"href":"https:\/\/www.extradent.lt\/en\/wp-json\/wp\/v2\/product_cat?post=359"},{"taxonomy":"product_tag","embeddable":true,"href":"https:\/\/www.extradent.lt\/en\/wp-json\/wp\/v2\/product_tag?post=359"}],"curies":[{"name":"wp","href":"https:\/\/api.w.org\/{rel}","templated":true}]}}