{"id":357,"date":"2025-01-17T11:30:38","date_gmt":"2025-01-17T11:30:38","guid":{"rendered":"http:\/\/extradent.lt\/?post_type=product&#038;p=357"},"modified":"2026-01-22T06:16:38","modified_gmt":"2026-01-22T06:16:38","slug":"dantu-balinimas-philips-zoom-sistema","status":"publish","type":"product","link":"https:\/\/www.extradent.lt\/en\/produktas\/dantu-balinimas-philips-zoom-sistema\/","title":{"rendered":"Dant\u0173 balinimas Philips Zoom  sistema"},"content":{"rendered":"<p>Philips Zoom \u2013 tai pa\u017eangi profesionali dant\u0173 balinimo sistema, kuri pla\u010diai naudojama odontologijos klinikose visame pasaulyje. \u0160ios proced\u016bros metu naudojamas specialus balinimo gelis, aktyvuojamas UV \u0161viesa, leid\u017eia pasiekti iki 8 atspalvi\u0173 \u0161viesesnius dantis vos per vien\u0105 vizit\u0105. Tai saugus ir neskausmingas b\u016bdas pa\u0161viesinti dantis, kuris ne tik efektyviai pa\u0161alina d\u0117mes, bet ir i\u0161saugo nat\u016bral\u0173 dant\u0173 baltum\u0105. Philips Zoom \u2013 puikus pasirinkimas tiems, kurie nori greit\u0173, patikim\u0173 ir ilgalaiki\u0173 rezultat\u0173.<\/p>\n","protected":false},"excerpt":{"rendered":"<p>Philips Zoom \u2013 tai pa\u017eangi profesionali dant\u0173 balinimo sistema, kuri pla\u010diai naudojama odontologijos klinikose visame pasaulyje. \u0160ios proced\u016bros metu naudojamas specialus balinimo gelis, aktyvuojamas UV \u0161viesa, leid\u017eia pasiekti iki 8 atspalvi\u0173 \u0161viesesnius dantis vos per vien\u0105 vizit\u0105. Tai saugus ir neskausmingas b\u016bdas pa\u0161viesinti dantis, kuris ne tik efektyviai pa\u0161alina d\u0117mes, bet ir i\u0161saugo nat\u016bral\u0173 dant\u0173 [&hellip;]<\/p>\n","protected":false},"featured_media":1472,"comment_status":"open","ping_status":"closed","template":"","meta":{"_acf_changed":false},"product_brand":[],"product_cat":[29],"product_tag":[],"class_list":{"0":"post-357","1":"product","2":"type-product","3":"status-publish","4":"has-post-thumbnail","6":"product_cat-uncategorized-lt","8":"first","9":"instock","10":"virtual","11":"purchasable","12":"product-type-simple"},"acf":[],"yoast_head":"<!-- This site is optimized with the Yoast SEO plugin v26.9 - https:\/\/yoast.com\/product\/yoast-seo-wordpress\/ -->\n<title>Dant\u0173 balinimas Philips Zoom sistema - extradent.lt<\/title>\n<meta name=\"robots\" content=\"index, follow, max-snippet:-1, max-image-preview:large, max-video-preview:-1\" \/>\n<link rel=\"canonical\" href=\"https:\/\/www.extradent.lt\/en\/produktas\/dantu-balinimas-philips-zoom-sistema\/\" \/>\n<meta property=\"og:locale\" content=\"en_US\" \/>\n<meta property=\"og:type\" content=\"article\" \/>\n<meta property=\"og:title\" content=\"Dant\u0173 balinimas Philips Zoom sistema - extradent.lt\" \/>\n<meta property=\"og:description\" content=\"Philips Zoom \u2013 tai pa\u017eangi profesionali dant\u0173 balinimo sistema, kuri pla\u010diai naudojama odontologijos klinikose visame pasaulyje. \u0160ios proced\u016bros metu naudojamas specialus balinimo gelis, aktyvuojamas UV \u0161viesa, leid\u017eia pasiekti iki 8 atspalvi\u0173 \u0161viesesnius dantis vos per vien\u0105 vizit\u0105. Tai saugus ir neskausmingas b\u016bdas pa\u0161viesinti dantis, kuris ne tik efektyviai pa\u0161alina d\u0117mes, bet ir i\u0161saugo nat\u016bral\u0173 dant\u0173 [&hellip;]\" \/>\n<meta property=\"og:url\" content=\"https:\/\/www.extradent.lt\/en\/produktas\/dantu-balinimas-philips-zoom-sistema\/\" \/>\n<meta property=\"og:site_name\" content=\"extradent.lt\" \/>\n<meta property=\"article:modified_time\" content=\"2026-01-22T06:16:38+00:00\" \/>\n<meta property=\"og:image\" content=\"https:\/\/www.extradent.lt\/wp-content\/uploads\/2026\/01\/balinimo-kuponas.jpg\" \/>\n\t<meta property=\"og:image:width\" content=\"420\" \/>\n\t<meta property=\"og:image:height\" content=\"420\" \/>\n\t<meta property=\"og:image:type\" content=\"image\/jpeg\" \/>\n<meta name=\"twitter:card\" content=\"summary_large_image\" \/>\n<meta name=\"twitter:label1\" content=\"Est. reading time\" \/>\n\t<meta name=\"twitter:data1\" content=\"1 minute\" \/>\n<script type=\"application\/ld+json\" class=\"yoast-schema-graph\">{\"@context\":\"https:\/\/schema.org\",\"@graph\":[{\"@type\":\"WebPage\",\"@id\":\"https:\/\/www.extradent.lt\/en\/produktas\/dantu-balinimas-philips-zoom-sistema\/\",\"url\":\"https:\/\/www.extradent.lt\/en\/produktas\/dantu-balinimas-philips-zoom-sistema\/\",\"name\":\"Dant\u0173 balinimas Philips Zoom sistema - extradent.lt\",\"isPartOf\":{\"@id\":\"https:\/\/www.extradent.lt\/en\/#website\"},\"primaryImageOfPage\":{\"@id\":\"https:\/\/www.extradent.lt\/en\/produktas\/dantu-balinimas-philips-zoom-sistema\/#primaryimage\"},\"image\":{\"@id\":\"https:\/\/www.extradent.lt\/en\/produktas\/dantu-balinimas-philips-zoom-sistema\/#primaryimage\"},\"thumbnailUrl\":\"https:\/\/www.extradent.lt\/wp-content\/uploads\/2026\/01\/balinimo-kuponas.jpg\",\"datePublished\":\"2025-01-17T11:30:38+00:00\",\"dateModified\":\"2026-01-22T06:16:38+00:00\",\"breadcrumb\":{\"@id\":\"https:\/\/www.extradent.lt\/en\/produktas\/dantu-balinimas-philips-zoom-sistema\/#breadcrumb\"},\"inLanguage\":\"en-US\",\"potentialAction\":[{\"@type\":\"ReadAction\",\"target\":[\"https:\/\/www.extradent.lt\/en\/produktas\/dantu-balinimas-philips-zoom-sistema\/\"]}]},{\"@type\":\"ImageObject\",\"inLanguage\":\"en-US\",\"@id\":\"https:\/\/www.extradent.lt\/en\/produktas\/dantu-balinimas-philips-zoom-sistema\/#primaryimage\",\"url\":\"https:\/\/www.extradent.lt\/wp-content\/uploads\/2026\/01\/balinimo-kuponas.jpg\",\"contentUrl\":\"https:\/\/www.extradent.lt\/wp-content\/uploads\/2026\/01\/balinimo-kuponas.jpg\",\"width\":420,\"height\":420},{\"@type\":\"BreadcrumbList\",\"@id\":\"https:\/\/www.extradent.lt\/en\/produktas\/dantu-balinimas-philips-zoom-sistema\/#breadcrumb\",\"itemListElement\":[{\"@type\":\"ListItem\",\"position\":1,\"name\":\"Prad\u017eia\",\"item\":\"https:\/\/www.extradent.lt\/en\/\"},{\"@type\":\"ListItem\",\"position\":2,\"name\":\"Shop\",\"item\":\"https:\/\/www.extradent.lt\/parduotuve\/\"},{\"@type\":\"ListItem\",\"position\":3,\"name\":\"Dant\u0173 balinimas Philips Zoom sistema\"}]},{\"@type\":\"WebSite\",\"@id\":\"https:\/\/www.extradent.lt\/en\/#website\",\"url\":\"https:\/\/www.extradent.lt\/en\/\",\"name\":\"extradent.lt\",\"description\":\"\",\"potentialAction\":[{\"@type\":\"SearchAction\",\"target\":{\"@type\":\"EntryPoint\",\"urlTemplate\":\"https:\/\/www.extradent.lt\/en\/?s={search_term_string}\"},\"query-input\":{\"@type\":\"PropertyValueSpecification\",\"valueRequired\":true,\"valueName\":\"search_term_string\"}}],\"inLanguage\":\"en-US\"}]}<\/script>\n<!-- \/ Yoast SEO plugin. -->","yoast_head_json":{"title":"Dant\u0173 balinimas Philips Zoom sistema - extradent.lt","robots":{"index":"index","follow":"follow","max-snippet":"max-snippet:-1","max-image-preview":"max-image-preview:large","max-video-preview":"max-video-preview:-1"},"canonical":"https:\/\/www.extradent.lt\/en\/produktas\/dantu-balinimas-philips-zoom-sistema\/","og_locale":"en_US","og_type":"article","og_title":"Dant\u0173 balinimas Philips Zoom sistema - extradent.lt","og_description":"Philips Zoom \u2013 tai pa\u017eangi profesionali dant\u0173 balinimo sistema, kuri pla\u010diai naudojama odontologijos klinikose visame pasaulyje. \u0160ios proced\u016bros metu naudojamas specialus balinimo gelis, aktyvuojamas UV \u0161viesa, leid\u017eia pasiekti iki 8 atspalvi\u0173 \u0161viesesnius dantis vos per vien\u0105 vizit\u0105. Tai saugus ir neskausmingas b\u016bdas pa\u0161viesinti dantis, kuris ne tik efektyviai pa\u0161alina d\u0117mes, bet ir i\u0161saugo nat\u016bral\u0173 dant\u0173 [&hellip;]","og_url":"https:\/\/www.extradent.lt\/en\/produktas\/dantu-balinimas-philips-zoom-sistema\/","og_site_name":"extradent.lt","article_modified_time":"2026-01-22T06:16:38+00:00","og_image":[{"width":420,"height":420,"url":"https:\/\/www.extradent.lt\/wp-content\/uploads\/2026\/01\/balinimo-kuponas.jpg","type":"image\/jpeg"}],"twitter_card":"summary_large_image","twitter_misc":{"Est. reading time":"1 minute"},"schema":{"@context":"https:\/\/schema.org","@graph":[{"@type":"WebPage","@id":"https:\/\/www.extradent.lt\/en\/produktas\/dantu-balinimas-philips-zoom-sistema\/","url":"https:\/\/www.extradent.lt\/en\/produktas\/dantu-balinimas-philips-zoom-sistema\/","name":"Dant\u0173 balinimas Philips Zoom sistema - extradent.lt","isPartOf":{"@id":"https:\/\/www.extradent.lt\/en\/#website"},"primaryImageOfPage":{"@id":"https:\/\/www.extradent.lt\/en\/produktas\/dantu-balinimas-philips-zoom-sistema\/#primaryimage"},"image":{"@id":"https:\/\/www.extradent.lt\/en\/produktas\/dantu-balinimas-philips-zoom-sistema\/#primaryimage"},"thumbnailUrl":"https:\/\/www.extradent.lt\/wp-content\/uploads\/2026\/01\/balinimo-kuponas.jpg","datePublished":"2025-01-17T11:30:38+00:00","dateModified":"2026-01-22T06:16:38+00:00","breadcrumb":{"@id":"https:\/\/www.extradent.lt\/en\/produktas\/dantu-balinimas-philips-zoom-sistema\/#breadcrumb"},"inLanguage":"en-US","potentialAction":[{"@type":"ReadAction","target":["https:\/\/www.extradent.lt\/en\/produktas\/dantu-balinimas-philips-zoom-sistema\/"]}]},{"@type":"ImageObject","inLanguage":"en-US","@id":"https:\/\/www.extradent.lt\/en\/produktas\/dantu-balinimas-philips-zoom-sistema\/#primaryimage","url":"https:\/\/www.extradent.lt\/wp-content\/uploads\/2026\/01\/balinimo-kuponas.jpg","contentUrl":"https:\/\/www.extradent.lt\/wp-content\/uploads\/2026\/01\/balinimo-kuponas.jpg","width":420,"height":420},{"@type":"BreadcrumbList","@id":"https:\/\/www.extradent.lt\/en\/produktas\/dantu-balinimas-philips-zoom-sistema\/#breadcrumb","itemListElement":[{"@type":"ListItem","position":1,"name":"Prad\u017eia","item":"https:\/\/www.extradent.lt\/en\/"},{"@type":"ListItem","position":2,"name":"Shop","item":"https:\/\/www.extradent.lt\/parduotuve\/"},{"@type":"ListItem","position":3,"name":"Dant\u0173 balinimas Philips Zoom sistema"}]},{"@type":"WebSite","@id":"https:\/\/www.extradent.lt\/en\/#website","url":"https:\/\/www.extradent.lt\/en\/","name":"extradent.lt","description":"","potentialAction":[{"@type":"SearchAction","target":{"@type":"EntryPoint","urlTemplate":"https:\/\/www.extradent.lt\/en\/?s={search_term_string}"},"query-input":{"@type":"PropertyValueSpecification","valueRequired":true,"valueName":"search_term_string"}}],"inLanguage":"en-US"}]}},"_links":{"self":[{"href":"https:\/\/www.extradent.lt\/en\/wp-json\/wp\/v2\/product\/357","targetHints":{"allow":["GET"]}}],"collection":[{"href":"https:\/\/www.extradent.lt\/en\/wp-json\/wp\/v2\/product"}],"about":[{"href":"https:\/\/www.extradent.lt\/en\/wp-json\/wp\/v2\/types\/product"}],"replies":[{"embeddable":true,"href":"https:\/\/www.extradent.lt\/en\/wp-json\/wp\/v2\/comments?post=357"}],"wp:featuredmedia":[{"embeddable":true,"href":"https:\/\/www.extradent.lt\/en\/wp-json\/wp\/v2\/media\/1472"}],"wp:attachment":[{"href":"https:\/\/www.extradent.lt\/en\/wp-json\/wp\/v2\/media?parent=357"}],"wp:term":[{"taxonomy":"product_brand","embeddable":true,"href":"https:\/\/www.extradent.lt\/en\/wp-json\/wp\/v2\/product_brand?post=357"},{"taxonomy":"product_cat","embeddable":true,"href":"https:\/\/www.extradent.lt\/en\/wp-json\/wp\/v2\/product_cat?post=357"},{"taxonomy":"product_tag","embeddable":true,"href":"https:\/\/www.extradent.lt\/en\/wp-json\/wp\/v2\/product_tag?post=357"}],"curies":[{"name":"wp","href":"https:\/\/api.w.org\/{rel}","templated":true}]}}