{"id":340,"date":"2025-01-17T11:21:50","date_gmt":"2025-01-17T11:21:50","guid":{"rendered":"http:\/\/extradent.lt\/cart\/"},"modified":"2025-01-17T14:29:37","modified_gmt":"2025-01-17T14:29:37","slug":"cart","status":"publish","type":"page","link":"https:\/\/www.extradent.lt\/en\/cart\/","title":{"rendered":"Cart"},"content":{"rendered":"\n<div data-block-name=\"woocommerce\/cart\" class=\"wp-block-woocommerce-cart alignwide is-loading\">\n<div data-block-name=\"woocommerce\/filled-cart-block\" class=\"wp-block-woocommerce-filled-cart-block\">\n<div data-block-name=\"woocommerce\/cart-items-block\" class=\"wp-block-woocommerce-cart-items-block\">\n<div data-block-name=\"woocommerce\/cart-line-items-block\" class=\"wp-block-woocommerce-cart-line-items-block\"><\/div>\n\n\n\n<div data-block-name=\"woocommerce\/cart-cross-sells-block\" class=\"wp-block-woocommerce-cart-cross-sells-block\">\n<h2 class=\"wp-block-heading has-large-font-size\">You may be interested in\u2026<\/h2>\n\n\n\n<div data-block-name=\"woocommerce\/cart-cross-sells-products-block\" class=\"wp-block-woocommerce-cart-cross-sells-products-block\"><\/div>\n<\/div>\n<\/div>\n\n\n\n<div data-block-name=\"woocommerce\/cart-totals-block\" class=\"wp-block-woocommerce-cart-totals-block\">\n<div data-block-name=\"woocommerce\/cart-order-summary-block\" class=\"wp-block-woocommerce-cart-order-summary-block\">\n<div data-block-name=\"woocommerce\/cart-order-summary-heading-block\" class=\"wp-block-woocommerce-cart-order-summary-heading-block\"><\/div><div data-block-name=\"woocommerce\/cart-order-summary-coupon-form-block\" class=\"wp-block-woocommerce-cart-order-summary-coupon-form-block\"><\/div><div data-block-name=\"woocommerce\/cart-order-summary-totals-block\" class=\"wp-block-woocommerce-cart-order-summary-totals-block\">\n<div data-block-name=\"woocommerce\/cart-order-summary-subtotal-block\" class=\"wp-block-woocommerce-cart-order-summary-subtotal-block\"><\/div>\n<div data-block-name=\"woocommerce\/cart-order-summary-discount-block\" class=\"wp-block-woocommerce-cart-order-summary-discount-block\"><\/div>\n<div data-block-name=\"woocommerce\/cart-order-summary-fee-block\" class=\"wp-block-woocommerce-cart-order-summary-fee-block\"><\/div>\n<div data-block-name=\"woocommerce\/cart-order-summary-shipping-block\" class=\"wp-block-woocommerce-cart-order-summary-shipping-block\"><\/div>\n<div data-block-name=\"woocommerce\/cart-order-summary-taxes-block\" class=\"wp-block-woocommerce-cart-order-summary-taxes-block\"><\/div><\/div>\n<\/div>\n\n\n\n<div data-block-name=\"woocommerce\/cart-express-payment-block\" class=\"wp-block-woocommerce-cart-express-payment-block\"><\/div>\n\n\n\n<div data-block-name=\"woocommerce\/proceed-to-checkout-block\" class=\"wp-block-woocommerce-proceed-to-checkout-block\"><\/div>\n\n\n\n<div data-block-name=\"woocommerce\/cart-accepted-payment-methods-block\" class=\"wp-block-woocommerce-cart-accepted-payment-methods-block\"><\/div>\n<\/div>\n<\/div>\n\n\n\n<div data-block-name=\"woocommerce\/empty-cart-block\" class=\"wp-block-woocommerce-empty-cart-block\">\n<h2 class=\"wp-block-heading has-text-align-center with-empty-cart-icon wc-block-cart__empty-cart__title\">J\u016bs\u0173 krep\u0161elis kol kas tu\u0161\u010dias.<\/h2>\n\n\n\n<hr class=\"wp-block-separator has-alpha-channel-opacity is-style-dots\"\/>\n\n\n\n<h2 class=\"wp-block-heading has-text-align-center\">Naujausi produktai<\/h2>\n\n\n<div data-block-name=\"woocommerce\/product-new\" data-columns=\"4\" data-rows=\"1\" class=\"wc-block-grid wp-block-product-new wp-block-woocommerce-product-new wc-block-product-new has-4-columns\"><ul class=\"wc-block-grid__products\"><li class=\"wc-block-grid__product\">\n\t\t\t\t<a href=\"https:\/\/www.extradent.lt\/en\/produktas\/gydymo-plano-sudarymas\/\" class=\"wc-block-grid__product-link\">\n\t\t\t\t\t\n\t\t\t\t\t<div class=\"wc-block-grid__product-image\"><img loading=\"lazy\" decoding=\"async\" width=\"300\" height=\"300\" src=\"https:\/\/www.extradent.lt\/wp-content\/uploads\/2026\/01\/gydymo-plano-kuponas-300x300.jpg\" class=\"attachment-woocommerce_thumbnail size-woocommerce_thumbnail\" alt=\"Gydymo plano sudarymas\" srcset=\"https:\/\/www.extradent.lt\/wp-content\/uploads\/2026\/01\/gydymo-plano-kuponas-300x300.jpg 300w, https:\/\/www.extradent.lt\/wp-content\/uploads\/2026\/01\/gydymo-plano-kuponas-150x150.jpg 150w, https:\/\/www.extradent.lt\/wp-content\/uploads\/2026\/01\/gydymo-plano-kuponas-400x400.jpg 400w, https:\/\/www.extradent.lt\/wp-content\/uploads\/2026\/01\/gydymo-plano-kuponas-100x100.jpg 100w, https:\/\/www.extradent.lt\/wp-content\/uploads\/2026\/01\/gydymo-plano-kuponas.jpg 420w\" sizes=\"auto, (max-width: 300px) 100vw, 300px\" \/><\/div>\n\t\t\t\t\t<div class=\"wc-block-grid__product-title\">Gydymo plano sudarymas<\/div>\n\t\t\t\t<\/a>\n\t\t\t\t<div class=\"wc-block-grid__product-price price\"><span class=\"woocommerce-Price-amount amount\">30,00&nbsp;<span class=\"woocommerce-Price-currencySymbol\">&euro;<\/span><\/span><\/div>\n\t\t\t\t\n\t\t\t\t<div class=\"wp-block-button wc-block-grid__product-add-to-cart\"><a href=\"\/en\/wp-json\/wp\/v2\/pages\/340?add-to-cart=360\" aria-label=\"Add to cart: &ldquo;Gydymo plano sudarymas&rdquo;\" data-quantity=\"1\" data-product_id=\"360\" data-product_sku=\"\" data-price=\"30\" rel=\"nofollow\" class=\"wp-block-button__link  add_to_cart_button ajax_add_to_cart\">Add to cart<\/a><\/div>\n\t\t\t<\/li><li class=\"wc-block-grid__product\">\n\t\t\t\t<a href=\"https:\/\/www.extradent.lt\/en\/produktas\/dantu-skenavimas\/\" class=\"wc-block-grid__product-link\">\n\t\t\t\t\t\n\t\t\t\t\t<div class=\"wc-block-grid__product-image\"><img loading=\"lazy\" decoding=\"async\" width=\"300\" height=\"300\" src=\"https:\/\/www.extradent.lt\/wp-content\/uploads\/2026\/01\/skenavimas-kuponas-300x300.jpg\" class=\"attachment-woocommerce_thumbnail size-woocommerce_thumbnail\" alt=\"Dant\u0173 skenavimas\" srcset=\"https:\/\/www.extradent.lt\/wp-content\/uploads\/2026\/01\/skenavimas-kuponas-300x300.jpg 300w, https:\/\/www.extradent.lt\/wp-content\/uploads\/2026\/01\/skenavimas-kuponas-150x150.jpg 150w, https:\/\/www.extradent.lt\/wp-content\/uploads\/2026\/01\/skenavimas-kuponas-400x400.jpg 400w, https:\/\/www.extradent.lt\/wp-content\/uploads\/2026\/01\/skenavimas-kuponas-100x100.jpg 100w, https:\/\/www.extradent.lt\/wp-content\/uploads\/2026\/01\/skenavimas-kuponas.jpg 420w\" sizes=\"auto, (max-width: 300px) 100vw, 300px\" \/><\/div>\n\t\t\t\t\t<div class=\"wc-block-grid__product-title\">Dant\u0173 skenavimas<\/div>\n\t\t\t\t<\/a>\n\t\t\t\t<div class=\"wc-block-grid__product-price price\"><span class=\"woocommerce-Price-amount amount\">50,00&nbsp;<span class=\"woocommerce-Price-currencySymbol\">&euro;<\/span><\/span><\/div>\n\t\t\t\t\n\t\t\t\t<div class=\"wp-block-button wc-block-grid__product-add-to-cart\"><a href=\"\/en\/wp-json\/wp\/v2\/pages\/340?add-to-cart=359\" aria-label=\"Add to cart: &ldquo;Dant\u0173 skenavimas&rdquo;\" data-quantity=\"1\" data-product_id=\"359\" data-product_sku=\"\" data-price=\"50\" rel=\"nofollow\" class=\"wp-block-button__link  add_to_cart_button ajax_add_to_cart\">Add to cart<\/a><\/div>\n\t\t\t<\/li><li class=\"wc-block-grid__product\">\n\t\t\t\t<a href=\"https:\/\/www.extradent.lt\/en\/produktas\/profesionali-burnos-higiena\/\" class=\"wc-block-grid__product-link\">\n\t\t\t\t\t\n\t\t\t\t\t<div class=\"wc-block-grid__product-image\"><img loading=\"lazy\" decoding=\"async\" width=\"300\" height=\"300\" src=\"https:\/\/www.extradent.lt\/wp-content\/uploads\/2026\/01\/higienos-kuponas-300x300.jpg\" class=\"attachment-woocommerce_thumbnail size-woocommerce_thumbnail\" alt=\"Profesionali burnos higiena\" srcset=\"https:\/\/www.extradent.lt\/wp-content\/uploads\/2026\/01\/higienos-kuponas-300x300.jpg 300w, https:\/\/www.extradent.lt\/wp-content\/uploads\/2026\/01\/higienos-kuponas-150x150.jpg 150w, https:\/\/www.extradent.lt\/wp-content\/uploads\/2026\/01\/higienos-kuponas-400x400.jpg 400w, https:\/\/www.extradent.lt\/wp-content\/uploads\/2026\/01\/higienos-kuponas-100x100.jpg 100w, https:\/\/www.extradent.lt\/wp-content\/uploads\/2026\/01\/higienos-kuponas.jpg 420w\" sizes=\"auto, (max-width: 300px) 100vw, 300px\" \/><\/div>\n\t\t\t\t\t<div class=\"wc-block-grid__product-title\">Profesionali burnos higiena<\/div>\n\t\t\t\t<\/a>\n\t\t\t\t<div class=\"wc-block-grid__product-price price\"><span class=\"woocommerce-Price-amount amount\">60,00&nbsp;<span class=\"woocommerce-Price-currencySymbol\">&euro;<\/span><\/span><\/div>\n\t\t\t\t\n\t\t\t\t<div class=\"wp-block-button wc-block-grid__product-add-to-cart\"><a href=\"\/en\/wp-json\/wp\/v2\/pages\/340?add-to-cart=358\" aria-label=\"Add to cart: &ldquo;Profesionali burnos higiena&rdquo;\" data-quantity=\"1\" data-product_id=\"358\" data-product_sku=\"\" data-price=\"60\" rel=\"nofollow\" class=\"wp-block-button__link  add_to_cart_button ajax_add_to_cart\">Add to cart<\/a><\/div>\n\t\t\t<\/li><li class=\"wc-block-grid__product\">\n\t\t\t\t<a href=\"https:\/\/www.extradent.lt\/en\/produktas\/dantu-balinimas-philips-zoom-sistema\/\" class=\"wc-block-grid__product-link\">\n\t\t\t\t\t\n\t\t\t\t\t<div class=\"wc-block-grid__product-image\"><img loading=\"lazy\" decoding=\"async\" width=\"300\" height=\"300\" src=\"https:\/\/www.extradent.lt\/wp-content\/uploads\/2026\/01\/balinimo-kuponas-300x300.jpg\" class=\"attachment-woocommerce_thumbnail size-woocommerce_thumbnail\" alt=\"Dant\u0173 balinimas Philips Zoom  sistema\" srcset=\"https:\/\/www.extradent.lt\/wp-content\/uploads\/2026\/01\/balinimo-kuponas-300x300.jpg 300w, https:\/\/www.extradent.lt\/wp-content\/uploads\/2026\/01\/balinimo-kuponas-150x150.jpg 150w, https:\/\/www.extradent.lt\/wp-content\/uploads\/2026\/01\/balinimo-kuponas-400x400.jpg 400w, https:\/\/www.extradent.lt\/wp-content\/uploads\/2026\/01\/balinimo-kuponas-100x100.jpg 100w, https:\/\/www.extradent.lt\/wp-content\/uploads\/2026\/01\/balinimo-kuponas.jpg 420w\" sizes=\"auto, (max-width: 300px) 100vw, 300px\" \/><\/div>\n\t\t\t\t\t<div class=\"wc-block-grid__product-title\">Dant\u0173 balinimas Philips Zoom  sistema<\/div>\n\t\t\t\t<\/a>\n\t\t\t\t<div class=\"wc-block-grid__product-price price\"><span class=\"woocommerce-Price-amount amount\">300,00&nbsp;<span class=\"woocommerce-Price-currencySymbol\">&euro;<\/span><\/span><\/div>\n\t\t\t\t<div class=\"wc-block-grid__product-rating\"><div class=\"star-rating\" role=\"img\" aria-label=\"Rated 5.00 out of 5\"><span style=\"width:100%\">Rated <strong class=\"rating\">5.00<\/strong> out of 5 based on <span class=\"rating\">1<\/span> customer rating<\/span><\/div><\/div>\n\t\t\t\t<div class=\"wp-block-button wc-block-grid__product-add-to-cart\"><a href=\"\/en\/wp-json\/wp\/v2\/pages\/340?add-to-cart=357\" aria-label=\"Add to cart: &ldquo;Dant\u0173 balinimas Philips Zoom  sistema&rdquo;\" data-quantity=\"1\" data-product_id=\"357\" data-product_sku=\"\" data-price=\"300\" rel=\"nofollow\" class=\"wp-block-button__link  add_to_cart_button ajax_add_to_cart\">Add to cart<\/a><\/div>\n\t\t\t<\/li><\/ul><\/div><\/div>\n<\/div>\n","protected":false},"excerpt":{"rendered":"","protected":false},"author":1,"featured_media":0,"parent":0,"menu_order":0,"comment_status":"closed","ping_status":"closed","template":"","meta":{"_acf_changed":false,"footnotes":""},"class_list":["post-340","page","type-page","status-publish","hentry"],"acf":[],"yoast_head":"<!-- This site is optimized with the Yoast SEO plugin v26.9 - https:\/\/yoast.com\/product\/yoast-seo-wordpress\/ -->\n<title>Cart - extradent.lt<\/title>\n<meta name=\"robots\" content=\"index, follow, max-snippet:-1, max-image-preview:large, max-video-preview:-1\" \/>\n<link rel=\"canonical\" href=\"https:\/\/www.extradent.lt\/en\/cart\/\" \/>\n<meta property=\"og:locale\" content=\"en_US\" \/>\n<meta property=\"og:type\" content=\"article\" \/>\n<meta property=\"og:title\" content=\"Cart - extradent.lt\" \/>\n<meta property=\"og:url\" content=\"https:\/\/www.extradent.lt\/en\/cart\/\" \/>\n<meta property=\"og:site_name\" content=\"extradent.lt\" \/>\n<meta property=\"article:modified_time\" content=\"2025-01-17T14:29:37+00:00\" \/>\n<meta name=\"twitter:card\" content=\"summary_large_image\" \/>\n<script type=\"application\/ld+json\" class=\"yoast-schema-graph\">{\"@context\":\"https:\/\/schema.org\",\"@graph\":[{\"@type\":\"WebPage\",\"@id\":\"https:\/\/www.extradent.lt\/en\/cart\/\",\"url\":\"https:\/\/www.extradent.lt\/en\/cart\/\",\"name\":\"Cart - extradent.lt\",\"isPartOf\":{\"@id\":\"https:\/\/www.extradent.lt\/en\/#website\"},\"datePublished\":\"2025-01-17T11:21:50+00:00\",\"dateModified\":\"2025-01-17T14:29:37+00:00\",\"breadcrumb\":{\"@id\":\"https:\/\/www.extradent.lt\/en\/cart\/#breadcrumb\"},\"inLanguage\":\"en-US\",\"potentialAction\":[{\"@type\":\"ReadAction\",\"target\":[\"https:\/\/www.extradent.lt\/en\/cart\/\"]}]},{\"@type\":\"BreadcrumbList\",\"@id\":\"https:\/\/www.extradent.lt\/en\/cart\/#breadcrumb\",\"itemListElement\":[{\"@type\":\"ListItem\",\"position\":1,\"name\":\"Prad\u017eia\",\"item\":\"https:\/\/www.extradent.lt\/en\/\"},{\"@type\":\"ListItem\",\"position\":2,\"name\":\"Cart\"}]},{\"@type\":\"WebSite\",\"@id\":\"https:\/\/www.extradent.lt\/en\/#website\",\"url\":\"https:\/\/www.extradent.lt\/en\/\",\"name\":\"extradent.lt\",\"description\":\"\",\"potentialAction\":[{\"@type\":\"SearchAction\",\"target\":{\"@type\":\"EntryPoint\",\"urlTemplate\":\"https:\/\/www.extradent.lt\/en\/?s={search_term_string}\"},\"query-input\":{\"@type\":\"PropertyValueSpecification\",\"valueRequired\":true,\"valueName\":\"search_term_string\"}}],\"inLanguage\":\"en-US\"}]}<\/script>\n<!-- \/ Yoast SEO plugin. -->","yoast_head_json":{"title":"Cart - extradent.lt","robots":{"index":"index","follow":"follow","max-snippet":"max-snippet:-1","max-image-preview":"max-image-preview:large","max-video-preview":"max-video-preview:-1"},"canonical":"https:\/\/www.extradent.lt\/en\/cart\/","og_locale":"en_US","og_type":"article","og_title":"Cart - extradent.lt","og_url":"https:\/\/www.extradent.lt\/en\/cart\/","og_site_name":"extradent.lt","article_modified_time":"2025-01-17T14:29:37+00:00","twitter_card":"summary_large_image","schema":{"@context":"https:\/\/schema.org","@graph":[{"@type":"WebPage","@id":"https:\/\/www.extradent.lt\/en\/cart\/","url":"https:\/\/www.extradent.lt\/en\/cart\/","name":"Cart - extradent.lt","isPartOf":{"@id":"https:\/\/www.extradent.lt\/en\/#website"},"datePublished":"2025-01-17T11:21:50+00:00","dateModified":"2025-01-17T14:29:37+00:00","breadcrumb":{"@id":"https:\/\/www.extradent.lt\/en\/cart\/#breadcrumb"},"inLanguage":"en-US","potentialAction":[{"@type":"ReadAction","target":["https:\/\/www.extradent.lt\/en\/cart\/"]}]},{"@type":"BreadcrumbList","@id":"https:\/\/www.extradent.lt\/en\/cart\/#breadcrumb","itemListElement":[{"@type":"ListItem","position":1,"name":"Prad\u017eia","item":"https:\/\/www.extradent.lt\/en\/"},{"@type":"ListItem","position":2,"name":"Cart"}]},{"@type":"WebSite","@id":"https:\/\/www.extradent.lt\/en\/#website","url":"https:\/\/www.extradent.lt\/en\/","name":"extradent.lt","description":"","potentialAction":[{"@type":"SearchAction","target":{"@type":"EntryPoint","urlTemplate":"https:\/\/www.extradent.lt\/en\/?s={search_term_string}"},"query-input":{"@type":"PropertyValueSpecification","valueRequired":true,"valueName":"search_term_string"}}],"inLanguage":"en-US"}]}},"_links":{"self":[{"href":"https:\/\/www.extradent.lt\/en\/wp-json\/wp\/v2\/pages\/340","targetHints":{"allow":["GET"]}}],"collection":[{"href":"https:\/\/www.extradent.lt\/en\/wp-json\/wp\/v2\/pages"}],"about":[{"href":"https:\/\/www.extradent.lt\/en\/wp-json\/wp\/v2\/types\/page"}],"author":[{"embeddable":true,"href":"https:\/\/www.extradent.lt\/en\/wp-json\/wp\/v2\/users\/1"}],"replies":[{"embeddable":true,"href":"https:\/\/www.extradent.lt\/en\/wp-json\/wp\/v2\/comments?post=340"}],"version-history":[{"count":1,"href":"https:\/\/www.extradent.lt\/en\/wp-json\/wp\/v2\/pages\/340\/revisions"}],"predecessor-version":[{"id":381,"href":"https:\/\/www.extradent.lt\/en\/wp-json\/wp\/v2\/pages\/340\/revisions\/381"}],"wp:attachment":[{"href":"https:\/\/www.extradent.lt\/en\/wp-json\/wp\/v2\/media?parent=340"}],"curies":[{"name":"wp","href":"https:\/\/api.w.org\/{rel}","templated":true}]}}